{"id":2979,"date":"2019-08-29T18:02:50","date_gmt":"2019-08-29T16:02:50","guid":{"rendered":"https:\/\/transmitte.com\/terminos-legales\/"},"modified":"2020-10-23T10:52:00","modified_gmt":"2020-10-23T08:52:00","slug":"terminos-legales","status":"publish","type":"page","link":"https:\/\/transmitte.com\/de\/terminos-legales\/","title":{"rendered":"T\u00e9rminos Legales"},"content":{"rendered":"<h1 style=\"text-align: center;\">T\u00c9RMINOS Y CONDICIONES<\/h1>\n<div class=\"container\">\n<div class=\"row\">\n<div class=\"col-lg-12 col-md-12 col-sm-12 col-xs-12 main\">\n<div id=\"primary\" class=\"content-area\">\n<div id=\"content\" class=\"site-content\" role=\"main\">\n<article id=\"post-3384\" class=\"post-3384 page type-page status-publish hentry\">\n<div class=\"entry-content\">\n<div class=\"vc_row wpb_row vc_row-fluid\">\n<div class=\"wpb_column vc_column_container vc_col-sm-12\">\n<div class=\"vc_column-inner\">\n<div class=\"wpb_wrapper\">\n<div class=\"wpb_text_column wpb_content_element \">\n<div class=\"wpb_wrapper\">\n<div id=\"main\" class=\"wpv-main layout-full\" role=\"main\">\n<div class=\"limit-wrapper\">\n<div class=\"row page-wrapper\">\n<article id=\"post-10160\" class=\"full post-10160 page type-page status-publish hentry\">\n<div class=\"page-content\">\n<div class=\"row \">\n<div id=\"wpv-column-5ca89ae0eb99cb907fce12c113eaae04\" class=\"wpv-grid grid-1-1 wpv-first-level first unextended no-extended-padding\">\n<p class=\"terminos-copy\">En cumplimiento de la Ley 34\/2002, de 11 de julio, de Servicios de la Sociedad de la Informaci\u00f3n y de Comercio Electr\u00f3nico (LSSI-CE), EVA BENEYTO CABALLERO informa que es titular del sitio web transmitte.com. De acuerdo con la exigencia del art\u00edculo 10 de la citada Ley, TRANSMITTE\u00a0 informa de los siguientes datos:<\/p>\n<p class=\"terminos-copy\">El titular de este sitio web es EVA BENEYTO CABALLERO, con NIF 21674927A domicilio social en &#8222;Calle Sabadell n\u00ba 41 1\u00ba piso, puerta 2 Alcoy (Alicante)&#8220;. La direcci\u00f3n de correo electr\u00f3nico de contacto con la empresa es: info@transmitte.com<\/p>\n<h2 class=\"terminos-header\">USUARIO Y R\u00c9GIMEN DE RESPONSABILIDADES<\/h2>\n<p class=\"terminos-copy\">La navegaci\u00f3n, acceso y uso por el sitio web de TRANSMITTE confiere la condici\u00f3n de usuario, por la que se aceptan, desde la navegaci\u00f3n por el sitio web de TRANSMITTE, todas las condiciones de uso aqu\u00ed establecidas sin perjuicio de la aplicaci\u00f3n de la correspondiente normativa de obligado cumplimiento legal seg\u00fan el caso. El sitio web de TRANSMITTE proporciona gran diversidad de informaci\u00f3n, servicios y datos. El usuario asume su responsabilidad en el uso correcto del sitio web. Esta responsabilidad se extender\u00e1 a:<\/p>\n<p>\u2013 La veracidad y licitud de las informaciones aportadas por el usuario en los formularios extendidos por TRANSMITTE para el acceso a ciertos contenidos o servicios ofrecidos por el web.<\/p>\n<p>\u2013 El uso de la informaci\u00f3n, servicios y datos ofrecidos por TRANSMITTE contrariamente a lo dispuesto por las presentes condiciones, la Ley, la moral, las buenas costumbres o el orden p\u00fablico, o que de cualquier otro modo puedan suponer lesi\u00f3n de los derechos de terceros o del mismo funcionamiento del sitio web.<\/p>\n<h2 class=\"terminos-header\">POL\u00cdTICA DE ENLACES Y EXENCIONES DE RESPONSABILIDAD<\/h2>\n<p class=\"terminos-copy\">\u00a0TRANSMITTE no se hace responsable del contenido de los sitios web a los que el usuario pueda acceder a trav\u00e9s de los enlaces establecidos en su sitio web y declara que en ning\u00fan caso proceder\u00e1 a examinar o ejercitar ning\u00fan tipo de control sobre el contenido de otros sitios de la red. Asimismo, tampoco garantizar\u00e1 la disponibilidad t\u00e9cnica, exactitud, veracidad, validez o legalidad de sitios ajenos a su propiedad a los que se pueda acceder por medio de los enlaces.<\/p>\n<p class=\"terminos-copy\">\u00a0TRANSMITTE declara haber adoptado todas las medidas necesarias para evitar cualquier da\u00f1o a los usuarios de su sitio web, que pudieran derivarse de la navegaci\u00f3n por su sitio web. En consecuencia, TRANSMITTE no se hace responsable, en ning\u00fan caso, de los eventuales da\u00f1os que por la navegaci\u00f3n por Internet pudiera sufrir el usuario.<\/p>\n<h2 class=\"terminos-header\">MODIFICACIONES<\/h2>\n<p class=\"terminos-copy\">\u00a0TRANSMITTE se reserva el derecho a realizar las modificaciones que considere oportunas, sin aviso previo, en el contenido de su sitio web. Tanto en lo referente a los contenidos del sitio web, como en las condiciones de uso del mismo. Dichas modificaciones podr\u00e1n realizarse a trav\u00e9s de su sitio web por cualquier forma admisible en derecho y ser\u00e1n de obligado cumplimiento durante el tiempo en que se encuentren publicadas en la web y hasta que no sean modificadas v\u00e1lidamente por otras posteriores.<\/p>\n<h2 class=\"terminos-header\">PROPIEDAD INTELECTUAL E INDUSTRIAL<\/h2>\n<p class=\"terminos-copy\">\u00a0TRANSMITTE por s\u00ed misma o como cesionaria, es titular de todos los derechos de propiedad intelectual e industrial de su p\u00e1gina web, as\u00ed como de los elementos contenidos en la misma (a t\u00edtulo enunciativo, im\u00e1genes, sonido, audio, v\u00eddeo, software o textos; marcas o logotipos, combinaciones de colores, estructura y dise\u00f1o, selecci\u00f3n de materiales usados, programas de ordenador necesarios para su funcionamiento, acceso y uso, etc.), titularidad de WEB TO SELL. Ser\u00e1n, por consiguiente, obras protegidas como propiedad intelectual por el ordenamiento jur\u00eddico espa\u00f1ol, si\u00e9ndoles aplicables tanto la normativa espa\u00f1ola y comunitaria en este campo, como los tratados internacionales relativos a la materia y suscritos por Espa\u00f1a.<\/p>\n<p class=\"terminos-copy\">Todos los derechos reservados. En virtud de lo dispuesto en los art\u00edculos 8 y 32.1, p\u00e1rrafo segundo, de la Ley de Propiedad Intelectual, quedan expresamente prohibidas la reproducci\u00f3n, la distribuci\u00f3n y la comunicaci\u00f3n p\u00fablica, incluida su modalidad de puesta a disposici\u00f3n, de la totalidad o parte de los contenidos de esta p\u00e1gina web, con fines comerciales, en cualquier soporte y por cualquier medio t\u00e9cnico, sin la autorizaci\u00f3n de TRANSMITTE.<\/p>\n<p class=\"terminos-copy\">El usuario se compromete a respetar los derechos de Propiedad Intelectual e Industrial titularidad de TRANSMITTE. Podr\u00e1 visualizar los elementos del portal e incluso imprimirlos, copiarlos y almacenarlos en el disco duro de su ordenador o en cualquier otro soporte f\u00edsico siempre y cuando sea, \u00fanica y exclusivamente, para su uso personal y privado. El usuario deber\u00e1 abstenerse de suprimir, alterar, eludir o manipular cualquier dispositivo de protecci\u00f3n o sistema de seguridad que estuviera instalado en las p\u00e1ginas de TRANSMITTE.<\/p>\n<h2 class=\"terminos-header\">ACCIONES LEGALES, LEGISLACI\u00d3N APLICABLE Y JURISDICCI\u00d3N<\/h2>\n<p class=\"terminos-copy\">\u00a0TRANSMITTE se reserva, asimismo, la facultad de presentar las acciones civiles o penales que considere oportunas por la utilizaci\u00f3n indebida de su sitio web y contenidos, o por el incumplimiento de las presentes condiciones.<\/p>\n<p class=\"terminos-copy\">La relaci\u00f3n entre el usuario y el prestador se regir\u00e1 por la normativa vigente y de aplicaci\u00f3n en el territorio espa\u00f1ol. De surgir cualquier controversia las partes podr\u00e1n someter sus conflictos a arbitraje o acudir a la jurisdicci\u00f3n ordinaria cumpliendo con las normas sobre jurisdicci\u00f3n y competencia al respecto. TRANSMITTE tiene su domicilio en Alcoy, Alicante, Espa\u00f1a.<\/p>\n<\/div>\n<\/div>\n<\/div>\n<\/article>\n<\/div>\n<\/div>\n<\/div>\n<\/div>\n<\/div>\n<\/div>\n<\/div>\n<\/div>\n<\/div>\n<\/div>\n<\/article>\n<\/div>\n<\/div>\n<\/div>\n<\/div>\n<\/div>\n<p>&nbsp;<\/p>\n","protected":false},"excerpt":{"rendered":"<p>T\u00c9RMINOS Y CONDICIONES En cumplimiento de la Ley 34\/2002, de 11 de julio, de Servicios de la Sociedad de la Informaci\u00f3n y de Comercio Electr\u00f3nico (LSSI-CE), EVA BENEYTO CABALLERO informa que es titular del sitio web transmitte.com. De acuerdo con la exigencia del art\u00edculo 10 de la citada Ley, TRANSMITTE\u00a0 informa de los siguientes datos:<\/p>\n","protected":false},"author":2,"featured_media":0,"parent":0,"menu_order":0,"comment_status":"closed","ping_status":"closed","template":"","meta":{"_joinchat":[],"footnotes":""},"class_list":["post-2979","page","type-page","status-publish","hentry"],"yoast_head":"<!-- This site is optimized with the Yoast SEO plugin v25.6 - https:\/\/yoast.com\/wordpress\/plugins\/seo\/ -->\n<title>T\u00e9rminos Legales - Transmitte<\/title>\n<meta name=\"robots\" content=\"index, follow, max-snippet:-1, max-image-preview:large, max-video-preview:-1\" \/>\n<link rel=\"canonical\" href=\"https:\/\/transmitte.com\/de\/terminos-legales\/\" \/>\n<meta property=\"og:locale\" content=\"de_DE\" \/>\n<meta property=\"og:type\" content=\"article\" \/>\n<meta property=\"og:title\" content=\"T\u00e9rminos Legales - Transmitte\" \/>\n<meta property=\"og:description\" content=\"T\u00c9RMINOS Y CONDICIONES En cumplimiento de la Ley 34\/2002, de 11 de julio, de Servicios de la Sociedad de la Informaci\u00f3n y de Comercio Electr\u00f3nico (LSSI-CE), EVA BENEYTO CABALLERO informa que es titular del sitio web transmitte.com. De acuerdo con la exigencia del art\u00edculo 10 de la citada Ley, TRANSMITTE\u00a0 informa de los siguientes datos:\" \/>\n<meta property=\"og:url\" content=\"https:\/\/transmitte.com\/de\/terminos-legales\/\" \/>\n<meta property=\"og:site_name\" content=\"Transmitte\" \/>\n<meta property=\"article:modified_time\" content=\"2020-10-23T08:52:00+00:00\" \/>\n<meta name=\"twitter:card\" content=\"summary_large_image\" \/>\n<meta name=\"twitter:label1\" content=\"Gesch\u00e4tzte Lesezeit\" \/>\n\t<meta name=\"twitter:data1\" content=\"5\u00a0Minuten\" \/>\n<script type=\"application\/ld+json\" class=\"yoast-schema-graph\">{\"@context\":\"https:\/\/schema.org\",\"@graph\":[{\"@type\":\"WebPage\",\"@id\":\"https:\/\/transmitte.com\/de\/terminos-legales\/\",\"url\":\"https:\/\/transmitte.com\/de\/terminos-legales\/\",\"name\":\"T\u00e9rminos Legales - Transmitte\",\"isPartOf\":{\"@id\":\"https:\/\/transmitte.com\/#website\"},\"datePublished\":\"2019-08-29T16:02:50+00:00\",\"dateModified\":\"2020-10-23T08:52:00+00:00\",\"breadcrumb\":{\"@id\":\"https:\/\/transmitte.com\/de\/terminos-legales\/#breadcrumb\"},\"inLanguage\":\"de\",\"potentialAction\":[{\"@type\":\"ReadAction\",\"target\":[\"https:\/\/transmitte.com\/de\/terminos-legales\/\"]}]},{\"@type\":\"BreadcrumbList\",\"@id\":\"https:\/\/transmitte.com\/de\/terminos-legales\/#breadcrumb\",\"itemListElement\":[{\"@type\":\"ListItem\",\"position\":1,\"name\":\"Portada\",\"item\":\"https:\/\/transmitte.com\/de\/\"},{\"@type\":\"ListItem\",\"position\":2,\"name\":\"T\u00e9rminos Legales\"}]},{\"@type\":\"WebSite\",\"@id\":\"https:\/\/transmitte.com\/#website\",\"url\":\"https:\/\/transmitte.com\/\",\"name\":\"TransMitte\",\"description\":\"Servicios de traducci\u00f3n e interpretaci\u00f3n\",\"publisher\":{\"@id\":\"https:\/\/transmitte.com\/#\/schema\/person\/2ddae838c6ce5a2ef762eccc504f21e7\"},\"potentialAction\":[{\"@type\":\"SearchAction\",\"target\":{\"@type\":\"EntryPoint\",\"urlTemplate\":\"https:\/\/transmitte.com\/?s={search_term_string}\"},\"query-input\":{\"@type\":\"PropertyValueSpecification\",\"valueRequired\":true,\"valueName\":\"search_term_string\"}}],\"inLanguage\":\"de\"},{\"@type\":[\"Person\",\"Organization\"],\"@id\":\"https:\/\/transmitte.com\/#\/schema\/person\/2ddae838c6ce5a2ef762eccc504f21e7\",\"name\":\"Eva Beneyto\",\"image\":{\"@type\":\"ImageObject\",\"inLanguage\":\"de\",\"@id\":\"https:\/\/transmitte.com\/#\/schema\/person\/image\/\",\"url\":\"https:\/\/secure.gravatar.com\/avatar\/476db6a77c989d646a2e45e6db02d42191318c98fb24ba756f85e971d91309f5?s=96&d=mm&r=g\",\"contentUrl\":\"https:\/\/secure.gravatar.com\/avatar\/476db6a77c989d646a2e45e6db02d42191318c98fb24ba756f85e971d91309f5?s=96&d=mm&r=g\",\"caption\":\"Eva Beneyto\"},\"logo\":{\"@id\":\"https:\/\/transmitte.com\/#\/schema\/person\/image\/\"}}]}<\/script>\n<!-- \/ Yoast SEO plugin. -->","yoast_head_json":{"title":"T\u00e9rminos Legales - Transmitte","robots":{"index":"index","follow":"follow","max-snippet":"max-snippet:-1","max-image-preview":"max-image-preview:large","max-video-preview":"max-video-preview:-1"},"canonical":"https:\/\/transmitte.com\/de\/terminos-legales\/","og_locale":"de_DE","og_type":"article","og_title":"T\u00e9rminos Legales - Transmitte","og_description":"T\u00c9RMINOS Y CONDICIONES En cumplimiento de la Ley 34\/2002, de 11 de julio, de Servicios de la Sociedad de la Informaci\u00f3n y de Comercio Electr\u00f3nico (LSSI-CE), EVA BENEYTO CABALLERO informa que es titular del sitio web transmitte.com. De acuerdo con la exigencia del art\u00edculo 10 de la citada Ley, TRANSMITTE\u00a0 informa de los siguientes datos:","og_url":"https:\/\/transmitte.com\/de\/terminos-legales\/","og_site_name":"Transmitte","article_modified_time":"2020-10-23T08:52:00+00:00","twitter_card":"summary_large_image","twitter_misc":{"Gesch\u00e4tzte Lesezeit":"5\u00a0Minuten"},"schema":{"@context":"https:\/\/schema.org","@graph":[{"@type":"WebPage","@id":"https:\/\/transmitte.com\/de\/terminos-legales\/","url":"https:\/\/transmitte.com\/de\/terminos-legales\/","name":"T\u00e9rminos Legales - Transmitte","isPartOf":{"@id":"https:\/\/transmitte.com\/#website"},"datePublished":"2019-08-29T16:02:50+00:00","dateModified":"2020-10-23T08:52:00+00:00","breadcrumb":{"@id":"https:\/\/transmitte.com\/de\/terminos-legales\/#breadcrumb"},"inLanguage":"de","potentialAction":[{"@type":"ReadAction","target":["https:\/\/transmitte.com\/de\/terminos-legales\/"]}]},{"@type":"BreadcrumbList","@id":"https:\/\/transmitte.com\/de\/terminos-legales\/#breadcrumb","itemListElement":[{"@type":"ListItem","position":1,"name":"Portada","item":"https:\/\/transmitte.com\/de\/"},{"@type":"ListItem","position":2,"name":"T\u00e9rminos Legales"}]},{"@type":"WebSite","@id":"https:\/\/transmitte.com\/#website","url":"https:\/\/transmitte.com\/","name":"TransMitte","description":"Servicios de traducci\u00f3n e interpretaci\u00f3n","publisher":{"@id":"https:\/\/transmitte.com\/#\/schema\/person\/2ddae838c6ce5a2ef762eccc504f21e7"},"potentialAction":[{"@type":"SearchAction","target":{"@type":"EntryPoint","urlTemplate":"https:\/\/transmitte.com\/?s={search_term_string}"},"query-input":{"@type":"PropertyValueSpecification","valueRequired":true,"valueName":"search_term_string"}}],"inLanguage":"de"},{"@type":["Person","Organization"],"@id":"https:\/\/transmitte.com\/#\/schema\/person\/2ddae838c6ce5a2ef762eccc504f21e7","name":"Eva Beneyto","image":{"@type":"ImageObject","inLanguage":"de","@id":"https:\/\/transmitte.com\/#\/schema\/person\/image\/","url":"https:\/\/secure.gravatar.com\/avatar\/476db6a77c989d646a2e45e6db02d42191318c98fb24ba756f85e971d91309f5?s=96&d=mm&r=g","contentUrl":"https:\/\/secure.gravatar.com\/avatar\/476db6a77c989d646a2e45e6db02d42191318c98fb24ba756f85e971d91309f5?s=96&d=mm&r=g","caption":"Eva Beneyto"},"logo":{"@id":"https:\/\/transmitte.com\/#\/schema\/person\/image\/"}}]}},"_links":{"self":[{"href":"https:\/\/transmitte.com\/de\/wp-json\/wp\/v2\/pages\/2979","targetHints":{"allow":["GET"]}}],"collection":[{"href":"https:\/\/transmitte.com\/de\/wp-json\/wp\/v2\/pages"}],"about":[{"href":"https:\/\/transmitte.com\/de\/wp-json\/wp\/v2\/types\/page"}],"author":[{"embeddable":true,"href":"https:\/\/transmitte.com\/de\/wp-json\/wp\/v2\/users\/2"}],"replies":[{"embeddable":true,"href":"https:\/\/transmitte.com\/de\/wp-json\/wp\/v2\/comments?post=2979"}],"version-history":[{"count":1,"href":"https:\/\/transmitte.com\/de\/wp-json\/wp\/v2\/pages\/2979\/revisions"}],"predecessor-version":[{"id":3006,"href":"https:\/\/transmitte.com\/de\/wp-json\/wp\/v2\/pages\/2979\/revisions\/3006"}],"wp:attachment":[{"href":"https:\/\/transmitte.com\/de\/wp-json\/wp\/v2\/media?parent=2979"}],"curies":[{"name":"wp","href":"https:\/\/api.w.org\/{rel}","templated":true}]}}